{"id":1386,"date":"2024-06-14T09:51:11","date_gmt":"2024-06-14T09:51:11","guid":{"rendered":"http:\/\/nilos-schweiz.ch\/courroies-transporteuses-vulcanisation\/"},"modified":"2024-12-11T12:03:50","modified_gmt":"2024-12-11T12:03:50","slug":"courroies-transporteuses-vulcanisation","status":"publish","type":"page","link":"https:\/\/nilos-schweiz.ch\/fr\/services\/courroies-transporteuses-vulcanisation\/","title":{"rendered":"Courroies transporteuses &amp; vulcanisation"},"content":{"rendered":"\t\t<div data-elementor-type=\"wp-page\" data-elementor-id=\"1386\" class=\"elementor elementor-1386 elementor-312\" data-elementor-post-type=\"page\">\n\t\t\t\t<div class=\"elementor-element elementor-element-74c0348 e-con-full e-flex e-con e-parent\" data-id=\"74c0348\" data-element_type=\"container\" data-settings=\"{&quot;background_background&quot;:&quot;classic&quot;}\">\n\t\t<div class=\"elementor-element elementor-element-e64b7a9 e-con-full e-flex e-con e-child\" data-id=\"e64b7a9\" data-element_type=\"container\">\n\t\t\t\t<div class=\"elementor-element elementor-element-a33f126 elementor-widget elementor-widget-heading\" data-id=\"a33f126\" data-element_type=\"widget\" data-widget_type=\"heading.default\">\n\t\t\t\t<div class=\"elementor-widget-container\">\n\t\t\t\t\t<h1 class=\"elementor-heading-title elementor-size-default\">Bandes transporteuses<\/h1>\t\t\t\t<\/div>\n\t\t\t\t<\/div>\n\t\t\t\t<div class=\"elementor-element elementor-element-333750e elementor-widget elementor-widget-text-editor\" data-id=\"333750e\" data-element_type=\"widget\" data-widget_type=\"text-editor.default\">\n\t\t\t\t<div class=\"elementor-widget-container\">\n\t\t\t\t\t\t\t\t\t<p>De la bande de glisse \u00e0 la bande transporteuse \u00e0 forte pente : faites confiance \u00e0 notre expertise et \u00e0 notre exp\u00e9rience.<\/p>\t\t\t\t\t\t\t\t<\/div>\n\t\t\t\t<\/div>\n\t\t\t\t<\/div>\n\t\t\t\t<\/div>\n\t\t\t\t<section class=\"elementor-section elementor-top-section elementor-element elementor-element-a3c4bfa elementor-section-content-middle elementor-reverse-mobile elementor-section-full_width elementor-reverse-tablet elementor-section-height-default elementor-section-height-default\" data-id=\"a3c4bfa\" data-element_type=\"section\">\n\t\t\t\t\t\t<div class=\"elementor-container elementor-column-gap-no\">\n\t\t\t\t\t<div class=\"elementor-column elementor-col-50 elementor-top-column elementor-element elementor-element-86d0e26\" data-id=\"86d0e26\" data-element_type=\"column\">\n\t\t\t<div class=\"elementor-widget-wrap elementor-element-populated\">\n\t\t\t\t\t\t<div class=\"elementor-element elementor-element-d8e787f elementor-widget elementor-widget-heading\" data-id=\"d8e787f\" data-element_type=\"widget\" data-widget_type=\"heading.default\">\n\t\t\t\t<div class=\"elementor-widget-container\">\n\t\t\t\t\t<h4 class=\"elementor-heading-title elementor-size-default\">Installation, entretien et maintenance<\/h4>\t\t\t\t<\/div>\n\t\t\t\t<\/div>\n\t\t\t\t<div class=\"elementor-element elementor-element-5af8f60 elementor-widget elementor-widget-text-editor\" data-id=\"5af8f60\" data-element_type=\"widget\" data-widget_type=\"text-editor.default\">\n\t\t\t\t<div class=\"elementor-widget-container\">\n\t\t\t\t\t\t\t\t\t<p>L&rsquo;installation de convoyage est le c\u0153ur de votre entreprise. Pour qu&rsquo;elle fonctionne de mani\u00e8re s\u00fbre et efficace \u00e0 long terme, nous ne nous occupons pas seulement de l&rsquo;installation de vos bandes transporteuses, mais aussi de leur entretien et de leur maintenance.<\/p>\t\t\t\t\t\t\t\t<\/div>\n\t\t\t\t<\/div>\n\t\t\t\t<div class=\"elementor-element elementor-element-e86d20d elementor-widget elementor-widget-button\" data-id=\"e86d20d\" data-element_type=\"widget\" data-widget_type=\"button.default\">\n\t\t\t\t<div class=\"elementor-widget-container\">\n\t\t\t\t\t\t\t\t\t<div class=\"elementor-button-wrapper\">\n\t\t\t\t\t<a class=\"elementor-button elementor-button-link elementor-size-sm\" href=\"https:\/\/nilos-schweiz.ch\/fr\/contact\/\">\n\t\t\t\t\t\t<span class=\"elementor-button-content-wrapper\">\n\t\t\t\t\t\t\t\t\t<span class=\"elementor-button-text\">Contact<\/span>\n\t\t\t\t\t<\/span>\n\t\t\t\t\t<\/a>\n\t\t\t\t<\/div>\n\t\t\t\t\t\t\t\t<\/div>\n\t\t\t\t<\/div>\n\t\t\t\t\t<\/div>\n\t\t<\/div>\n\t\t\t\t<div class=\"elementor-column elementor-col-50 elementor-top-column elementor-element elementor-element-9ce5ac5\" data-id=\"9ce5ac5\" data-element_type=\"column\">\n\t\t\t<div class=\"elementor-widget-wrap elementor-element-populated\">\n\t\t\t\t\t\t<div class=\"elementor-element elementor-element-4f440a7 elementor-widget elementor-widget-image\" data-id=\"4f440a7\" data-element_type=\"widget\" data-widget_type=\"image.default\">\n\t\t\t\t<div class=\"elementor-widget-container\">\n\t\t\t\t\t\t\t\t\t\t\t\t\t\t\t<img fetchpriority=\"high\" decoding=\"async\" width=\"2400\" height=\"1347\" src=\"https:\/\/nilos-schweiz.ch\/wp-content\/uploads\/2024\/12\/Nilos_Website_Bilder_9.webp\" class=\"attachment-full size-full wp-image-2215\" alt=\"\" srcset=\"https:\/\/nilos-schweiz.ch\/wp-content\/uploads\/2024\/12\/Nilos_Website_Bilder_9.webp 2400w, https:\/\/nilos-schweiz.ch\/wp-content\/uploads\/2024\/12\/Nilos_Website_Bilder_9-300x168.webp 300w, https:\/\/nilos-schweiz.ch\/wp-content\/uploads\/2024\/12\/Nilos_Website_Bilder_9-1024x575.webp 1024w, https:\/\/nilos-schweiz.ch\/wp-content\/uploads\/2024\/12\/Nilos_Website_Bilder_9-768x431.webp 768w, https:\/\/nilos-schweiz.ch\/wp-content\/uploads\/2024\/12\/Nilos_Website_Bilder_9-1536x862.webp 1536w, https:\/\/nilos-schweiz.ch\/wp-content\/uploads\/2024\/12\/Nilos_Website_Bilder_9-2048x1149.webp 2048w, https:\/\/nilos-schweiz.ch\/wp-content\/uploads\/2024\/12\/Nilos_Website_Bilder_9-800x450.webp 800w\" sizes=\"(max-width: 2400px) 100vw, 2400px\" \/>\t\t\t\t\t\t\t\t\t\t\t\t\t\t\t<\/div>\n\t\t\t\t<\/div>\n\t\t\t\t\t<\/div>\n\t\t<\/div>\n\t\t\t\t\t<\/div>\n\t\t<\/section>\n\t\t<div class=\"elementor-element elementor-element-3fc472ae e-con-full e-flex e-con e-parent\" data-id=\"3fc472ae\" data-element_type=\"container\" data-settings=\"{&quot;background_background&quot;:&quot;classic&quot;}\">\n\t\t<div class=\"elementor-element elementor-element-2a86b4a e-con-full e-flex e-con e-child\" data-id=\"2a86b4a\" data-element_type=\"container\">\n\t\t\t\t<div class=\"elementor-element elementor-element-2dc07284 elementor-widget elementor-widget-heading\" data-id=\"2dc07284\" data-element_type=\"widget\" data-widget_type=\"heading.default\">\n\t\t\t\t<div class=\"elementor-widget-container\">\n\t\t\t\t\t<h2 class=\"elementor-heading-title elementor-size-default\">S\u00e9curit\u00e9 de fonctionnement et fiabilit\u00e9<\/h2>\t\t\t\t<\/div>\n\t\t\t\t<\/div>\n\t\t\t\t<div class=\"elementor-element elementor-element-4551b53c elementor-widget elementor-widget-text-editor\" data-id=\"4551b53c\" data-element_type=\"widget\" data-widget_type=\"text-editor.default\">\n\t\t\t\t<div class=\"elementor-widget-container\">\n\t\t\t\t\t\t\t\t\t<p>La s\u00e9curit\u00e9 pour vous en tant qu&rsquo;exploitant de l&rsquo;installation et la fiabilit\u00e9 de l&rsquo;installation et de ses composants sont essentielles pour la r\u00e9ussite \u00e9conomique. Gr\u00e2ce \u00e0 nos solutions de maintenance, nous favorisons la s\u00e9curit\u00e9 de fonctionnement et l&rsquo;efficacit\u00e9 de votre installation.<\/p>\t\t\t\t\t\t\t\t<\/div>\n\t\t\t\t<\/div>\n\t\t\t\t<div class=\"elementor-element elementor-element-4fedf274 elementor-widget elementor-widget-button\" data-id=\"4fedf274\" data-element_type=\"widget\" data-widget_type=\"button.default\">\n\t\t\t\t<div class=\"elementor-widget-container\">\n\t\t\t\t\t\t\t\t\t<div class=\"elementor-button-wrapper\">\n\t\t\t\t\t<a class=\"elementor-button elementor-button-link elementor-size-sm\" href=\"https:\/\/nilos-schweiz.ch\/fr\/services\/maintenance\/\">\n\t\t\t\t\t\t<span class=\"elementor-button-content-wrapper\">\n\t\t\t\t\t\t\t\t\t<span class=\"elementor-button-text\">En savoir plus sur la maintenance<\/span>\n\t\t\t\t\t<\/span>\n\t\t\t\t\t<\/a>\n\t\t\t\t<\/div>\n\t\t\t\t\t\t\t\t<\/div>\n\t\t\t\t<\/div>\n\t\t\t\t<\/div>\n\t\t<div class=\"elementor-element elementor-element-1a821507 e-con-full e-flex e-con e-child\" data-id=\"1a821507\" data-element_type=\"container\" data-settings=\"{&quot;background_background&quot;:&quot;classic&quot;}\">\n\t\t\t\t<div class=\"elementor-element elementor-element-537f5ded elementor-widget elementor-widget-image-box\" data-id=\"537f5ded\" data-element_type=\"widget\" data-widget_type=\"image-box.default\">\n\t\t\t\t<div class=\"elementor-widget-container\">\n\t\t\t\t\t<div class=\"elementor-image-box-wrapper\"><div class=\"elementor-image-box-content\"><h3 class=\"elementor-image-box-title\">Rentabilit\u00e9 et co\u00fbts d'exploitation<\/h3><p class=\"elementor-image-box-description\">La rentabilit\u00e9 est un facteur essentiel pour les applications les plus exigeantes en mati\u00e8re de convoyage de produits en vrac. Un choix de bande appropri\u00e9 peut permettre d'\u00e9conomiser beaucoup d'argent et d'\u00e9nergie.<\/p><\/div><\/div>\t\t\t\t<\/div>\n\t\t\t\t<\/div>\n\t\t\t\t<div class=\"elementor-element elementor-element-f5719c elementor-widget elementor-widget-image-box\" data-id=\"f5719c\" data-element_type=\"widget\" data-widget_type=\"image-box.default\">\n\t\t\t\t<div class=\"elementor-widget-container\">\n\t\t\t\t\t<div class=\"elementor-image-box-wrapper\"><div class=\"elementor-image-box-content\"><h3 class=\"elementor-image-box-title\">Efficacit\u00e9 et impact positif sur l'environnement<\/h3><p class=\"elementor-image-box-description\">Les bandes transporteuses sont le moyen le plus efficace de manipuler des produits en vrac. Un choix de bande appropri\u00e9 peut avoir le meilleur impact environnemental.<\/p><\/div><\/div>\t\t\t\t<\/div>\n\t\t\t\t<\/div>\n\t\t\t\t<\/div>\n\t\t\t\t<\/div>\n\t\t<div class=\"elementor-element elementor-element-6e796b8 e-con-full e-flex e-con e-parent\" data-id=\"6e796b8\" data-element_type=\"container\" data-settings=\"{&quot;background_background&quot;:&quot;classic&quot;}\">\n\t\t<div class=\"elementor-element elementor-element-5d2c906 e-con-full e-flex e-con e-child\" data-id=\"5d2c906\" data-element_type=\"container\">\n\t\t<div class=\"elementor-element elementor-element-afd31b3 e-con-full e-flex e-con e-child\" data-id=\"afd31b3\" data-element_type=\"container\">\n\t\t<div class=\"elementor-element elementor-element-b74fe68 e-con-full e-flex e-con e-child\" data-id=\"b74fe68\" data-element_type=\"container\" data-settings=\"{&quot;background_background&quot;:&quot;classic&quot;}\">\n\t\t\t\t<div class=\"elementor-element elementor-element-5737149 elementor-widget__width-initial elementor-widget elementor-widget-text-editor\" data-id=\"5737149\" data-element_type=\"widget\" data-widget_type=\"text-editor.default\">\n\t\t\t\t<div class=\"elementor-widget-container\">\n\t\t\t\t\t\t\t\t\t<ul><li>Bandes transporteuses textiles<\/li><li>Bandes transporteuses carcasse m\u00e9tallique<\/li><li>Bande de glisse<\/li><li>Convoyeurs tubulaires (Pipe)<\/li><\/ul>\t\t\t\t\t\t\t\t<\/div>\n\t\t\t\t<\/div>\n\t\t\t\t<\/div>\n\t\t<div class=\"elementor-element elementor-element-e2225e0 e-con-full e-flex e-con e-child\" data-id=\"e2225e0\" data-element_type=\"container\" data-settings=\"{&quot;background_background&quot;:&quot;classic&quot;}\">\n\t\t\t\t<div class=\"elementor-element elementor-element-c63ee8e elementor-widget elementor-widget-text-editor\" data-id=\"c63ee8e\" data-element_type=\"widget\" data-widget_type=\"text-editor.default\">\n\t\t\t\t<div class=\"elementor-widget-container\">\n\t\t\t\t\t\t\t\t\t<ul><li>Bandes \u00e0 bords ondul\u00e9s<\/li><li>Bandes transporteuses en plastique (PVC, PU)<\/li><li>Bandes transporteuses \u00e0 stabilit\u00e9 transversale<\/li><\/ul>\t\t\t\t\t\t\t\t<\/div>\n\t\t\t\t<\/div>\n\t\t\t\t<\/div>\n\t\t<div class=\"elementor-element elementor-element-18486a7 e-con-full e-flex e-con e-child\" data-id=\"18486a7\" data-element_type=\"container\" data-settings=\"{&quot;background_background&quot;:&quot;classic&quot;}\">\n\t\t\t\t<div class=\"elementor-element elementor-element-ee747e6 elementor-widget__width-initial elementor-widget elementor-widget-text-editor\" data-id=\"ee747e6\" data-element_type=\"widget\" data-widget_type=\"text-editor.default\">\n\t\t\t\t<div class=\"elementor-widget-container\">\n\t\t\t\t\t\t\t\t\t<ul><li>Bandes \u00e0 forte pente<\/li><li>Bandes de transport avec inserts de rupture (Rip Stop)<\/li><li>Vulcanisation \u00e0 chaud et \u00e0 froid<\/li><\/ul>\t\t\t\t\t\t\t\t<\/div>\n\t\t\t\t<\/div>\n\t\t\t\t<\/div>\n\t\t\t\t<\/div>\n\t\t\t\t<div class=\"elementor-element elementor-element-9d7cb2d elementor-widget elementor-widget-heading\" data-id=\"9d7cb2d\" data-element_type=\"widget\" data-widget_type=\"heading.default\">\n\t\t\t\t<div class=\"elementor-widget-container\">\n\t\t\t\t\t<h2 class=\"elementor-heading-title elementor-size-default\">Nous nous occupons de l'installation et de la maintenance des composants suivants :<\/h2>\t\t\t\t<\/div>\n\t\t\t\t<\/div>\n\t\t\t\t<\/div>\n\t\t\t\t<\/div>\n\t\t\t\t<\/div>\n\t\t","protected":false},"excerpt":{"rendered":"<p>Bandes transporteuses De la bande de glisse \u00e0 la bande transporteuse \u00e0 forte pente : faites confiance \u00e0 notre expertise et \u00e0 notre exp\u00e9rience. Installation, entretien et maintenance L&rsquo;installation de convoyage est le c\u0153ur de votre entreprise. Pour qu&rsquo;elle fonctionne de mani\u00e8re s\u00fbre et efficace \u00e0 long terme, nous ne nous occupons pas seulement de [&hellip;]<\/p>\n","protected":false},"author":3,"featured_media":0,"parent":1403,"menu_order":2,"comment_status":"closed","ping_status":"closed","template":"","meta":{"ocean_post_layout":"full-screen","ocean_both_sidebars_style":"","ocean_both_sidebars_content_width":0,"ocean_both_sidebars_sidebars_width":0,"ocean_sidebar":"","ocean_second_sidebar":"","ocean_disable_margins":"enable","ocean_add_body_class":"","ocean_shortcode_before_top_bar":"","ocean_shortcode_after_top_bar":"","ocean_shortcode_before_header":"","ocean_shortcode_after_header":"","ocean_has_shortcode":"","ocean_shortcode_after_title":"","ocean_shortcode_before_footer_widgets":"","ocean_shortcode_after_footer_widgets":"","ocean_shortcode_before_footer_bottom":"","ocean_shortcode_after_footer_bottom":"","ocean_display_top_bar":"default","ocean_display_header":"default","ocean_header_style":"","ocean_center_header_left_menu":"","ocean_custom_header_template":"","ocean_custom_logo":0,"ocean_custom_retina_logo":0,"ocean_custom_logo_max_width":0,"ocean_custom_logo_tablet_max_width":0,"ocean_custom_logo_mobile_max_width":0,"ocean_custom_logo_max_height":0,"ocean_custom_logo_tablet_max_height":0,"ocean_custom_logo_mobile_max_height":0,"ocean_header_custom_menu":"","ocean_menu_typo_font_family":"","ocean_menu_typo_font_subset":"","ocean_menu_typo_font_size":0,"ocean_menu_typo_font_size_tablet":0,"ocean_menu_typo_font_size_mobile":0,"ocean_menu_typo_font_size_unit":"px","ocean_menu_typo_font_weight":"","ocean_menu_typo_font_weight_tablet":"","ocean_menu_typo_font_weight_mobile":"","ocean_menu_typo_transform":"","ocean_menu_typo_transform_tablet":"","ocean_menu_typo_transform_mobile":"","ocean_menu_typo_line_height":0,"ocean_menu_typo_line_height_tablet":0,"ocean_menu_typo_line_height_mobile":0,"ocean_menu_typo_line_height_unit":"","ocean_menu_typo_spacing":0,"ocean_menu_typo_spacing_tablet":0,"ocean_menu_typo_spacing_mobile":0,"ocean_menu_typo_spacing_unit":"","ocean_menu_link_color":"","ocean_menu_link_color_hover":"","ocean_menu_link_color_active":"","ocean_menu_link_background":"","ocean_menu_link_hover_background":"","ocean_menu_link_active_background":"","ocean_menu_social_links_bg":"","ocean_menu_social_hover_links_bg":"","ocean_menu_social_links_color":"","ocean_menu_social_hover_links_color":"","ocean_disable_title":"on","ocean_disable_heading":"default","ocean_post_title":"","ocean_post_subheading":"","ocean_post_title_style":"","ocean_post_title_background_color":"","ocean_post_title_background":0,"ocean_post_title_bg_image_position":"","ocean_post_title_bg_image_attachment":"","ocean_post_title_bg_image_repeat":"","ocean_post_title_bg_image_size":"","ocean_post_title_height":0,"ocean_post_title_bg_overlay":0.5,"ocean_post_title_bg_overlay_color":"","ocean_disable_breadcrumbs":"default","ocean_breadcrumbs_color":"","ocean_breadcrumbs_separator_color":"","ocean_breadcrumbs_links_color":"","ocean_breadcrumbs_links_hover_color":"","ocean_display_footer_widgets":"default","ocean_display_footer_bottom":"default","ocean_custom_footer_template":"","footnotes":""},"class_list":["post-1386","page","type-page","status-publish","hentry","entry"],"_links":{"self":[{"href":"https:\/\/nilos-schweiz.ch\/fr\/wp-json\/wp\/v2\/pages\/1386","targetHints":{"allow":["GET"]}}],"collection":[{"href":"https:\/\/nilos-schweiz.ch\/fr\/wp-json\/wp\/v2\/pages"}],"about":[{"href":"https:\/\/nilos-schweiz.ch\/fr\/wp-json\/wp\/v2\/types\/page"}],"author":[{"embeddable":true,"href":"https:\/\/nilos-schweiz.ch\/fr\/wp-json\/wp\/v2\/users\/3"}],"replies":[{"embeddable":true,"href":"https:\/\/nilos-schweiz.ch\/fr\/wp-json\/wp\/v2\/comments?post=1386"}],"version-history":[{"count":11,"href":"https:\/\/nilos-schweiz.ch\/fr\/wp-json\/wp\/v2\/pages\/1386\/revisions"}],"predecessor-version":[{"id":2378,"href":"https:\/\/nilos-schweiz.ch\/fr\/wp-json\/wp\/v2\/pages\/1386\/revisions\/2378"}],"up":[{"embeddable":true,"href":"https:\/\/nilos-schweiz.ch\/fr\/wp-json\/wp\/v2\/pages\/1403"}],"wp:attachment":[{"href":"https:\/\/nilos-schweiz.ch\/fr\/wp-json\/wp\/v2\/media?parent=1386"}],"curies":[{"name":"wp","href":"https:\/\/api.w.org\/{rel}","templated":true}]}}