{"id":1378,"date":"2024-06-14T09:59:15","date_gmt":"2024-06-14T09:59:15","guid":{"rendered":"http:\/\/nilos-schweiz.ch\/cooperation\/"},"modified":"2025-12-10T12:20:33","modified_gmt":"2025-12-10T12:20:33","slug":"cooperation","status":"publish","type":"page","link":"https:\/\/nilos-schweiz.ch\/fr\/cooperation\/","title":{"rendered":"Coop\u00e9ration"},"content":{"rendered":"\t\t<div data-elementor-type=\"wp-page\" data-elementor-id=\"1378\" class=\"elementor elementor-1378 elementor-326\" data-elementor-post-type=\"page\">\n\t\t\t\t<div class=\"elementor-element elementor-element-5b8381b e-con-full e-flex e-con e-parent\" data-id=\"5b8381b\" data-element_type=\"container\" data-settings=\"{&quot;background_background&quot;:&quot;classic&quot;}\">\n\t\t<div class=\"elementor-element elementor-element-a9747cc e-con-full e-flex e-con e-child\" data-id=\"a9747cc\" data-element_type=\"container\">\n\t\t\t\t<div class=\"elementor-element elementor-element-d426d24 elementor-widget elementor-widget-heading\" data-id=\"d426d24\" data-element_type=\"widget\" data-widget_type=\"heading.default\">\n\t\t\t\t<div class=\"elementor-widget-container\">\n\t\t\t\t\t<h1 class=\"elementor-heading-title elementor-size-default\">Coop\u00e9ration<\/h1>\t\t\t\t<\/div>\n\t\t\t\t<\/div>\n\t\t\t\t<div class=\"elementor-element elementor-element-24ebccb elementor-widget elementor-widget-text-editor\" data-id=\"24ebccb\" data-element_type=\"widget\" data-widget_type=\"text-editor.default\">\n\t\t\t\t<div class=\"elementor-widget-container\">\n\t\t\t\t\t\t\t\t\t<p>Nous progressons gr\u00e2ce \u00e0 des relations commerciales confiantes et fructueuses.<\/p>\t\t\t\t\t\t\t\t<\/div>\n\t\t\t\t<\/div>\n\t\t\t\t<\/div>\n\t\t\t\t<\/div>\n\t\t\t\t<section class=\"elementor-section elementor-top-section elementor-element elementor-element-1492f79 elementor-section-content-middle elementor-reverse-mobile elementor-section-full_width elementor-section-height-default elementor-section-height-default\" data-id=\"1492f79\" data-element_type=\"section\" data-settings=\"{&quot;background_background&quot;:&quot;classic&quot;}\">\n\t\t\t\t\t\t<div class=\"elementor-container elementor-column-gap-no\">\n\t\t\t\t\t<div class=\"elementor-column elementor-col-100 elementor-top-column elementor-element elementor-element-a6c391e\" data-id=\"a6c391e\" data-element_type=\"column\">\n\t\t\t<div class=\"elementor-widget-wrap elementor-element-populated\">\n\t\t\t\t\t\t<div class=\"elementor-element elementor-element-c0029ce elementor-widget elementor-widget-heading\" data-id=\"c0029ce\" data-element_type=\"widget\" data-widget_type=\"heading.default\">\n\t\t\t\t<div class=\"elementor-widget-container\">\n\t\t\t\t\t<h4 class=\"elementor-heading-title elementor-size-default\">Se sp\u00e9cialiser ensemble<\/h4>\t\t\t\t<\/div>\n\t\t\t\t<\/div>\n\t\t\t\t<div class=\"elementor-element elementor-element-bc18ab8 elementor-widget elementor-widget-text-editor\" data-id=\"bc18ab8\" data-element_type=\"widget\" data-widget_type=\"text-editor.default\">\n\t\t\t\t<div class=\"elementor-widget-container\">\n\t\t\t\t\t\t\t\t\t<p>Nous faisons partie d&rsquo;un r\u00e9seau uni par la passion de l&rsquo;innovation et de l&rsquo;efficacit\u00e9. Ensemble, nous \u00e9laborons des solutions adapt\u00e9es aux besoins des clients et capables de faire face au monde de demain.<\/p>\t\t\t\t\t\t\t\t<\/div>\n\t\t\t\t<\/div>\n\t\t\t\t\t<\/div>\n\t\t<\/div>\n\t\t\t\t\t<\/div>\n\t\t<\/section>\n\t\t<div class=\"elementor-element elementor-element-03daa59 e-con-full e-flex e-con e-parent\" data-id=\"03daa59\" data-element_type=\"container\" data-settings=\"{&quot;background_background&quot;:&quot;classic&quot;}\">\n\t\t<div class=\"elementor-element elementor-element-8bef22e e-con-full e-flex e-con e-child\" data-id=\"8bef22e\" data-element_type=\"container\">\n\t\t<div class=\"elementor-element elementor-element-cf21486 e-con-full e-flex e-con e-child\" data-id=\"cf21486\" data-element_type=\"container\">\n\t\t<div class=\"elementor-element elementor-element-6bf3bc5 e-con-full e-flex e-con e-child\" data-id=\"6bf3bc5\" data-element_type=\"container\">\n\t\t\t\t<div class=\"elementor-element elementor-element-e15a2e8 elementor-widget elementor-widget-image\" data-id=\"e15a2e8\" data-element_type=\"widget\" data-widget_type=\"image.default\">\n\t\t\t\t<div class=\"elementor-widget-container\">\n\t\t\t\t\t\t\t\t\t\t\t\t\t\t\t<img fetchpriority=\"high\" decoding=\"async\" width=\"2551\" height=\"1974\" src=\"https:\/\/nilos-schweiz.ch\/wp-content\/uploads\/2025\/03\/LN-Logo-Schild-e1723028908705.png\" class=\"attachment-full size-full wp-image-2460\" alt=\"\" srcset=\"https:\/\/nilos-schweiz.ch\/wp-content\/uploads\/2025\/03\/LN-Logo-Schild-e1723028908705.png 2551w, https:\/\/nilos-schweiz.ch\/wp-content\/uploads\/2025\/03\/LN-Logo-Schild-e1723028908705-300x232.png 300w, https:\/\/nilos-schweiz.ch\/wp-content\/uploads\/2025\/03\/LN-Logo-Schild-e1723028908705-1024x792.png 1024w, https:\/\/nilos-schweiz.ch\/wp-content\/uploads\/2025\/03\/LN-Logo-Schild-e1723028908705-768x594.png 768w, https:\/\/nilos-schweiz.ch\/wp-content\/uploads\/2025\/03\/LN-Logo-Schild-e1723028908705-1536x1189.png 1536w, https:\/\/nilos-schweiz.ch\/wp-content\/uploads\/2025\/03\/LN-Logo-Schild-e1723028908705-2048x1585.png 2048w\" sizes=\"(max-width: 2551px) 100vw, 2551px\" \/>\t\t\t\t\t\t\t\t\t\t\t\t\t\t\t<\/div>\n\t\t\t\t<\/div>\n\t\t\t\t<\/div>\n\t\t<div class=\"elementor-element elementor-element-a672805 e-con-full e-flex e-con e-child\" data-id=\"a672805\" data-element_type=\"container\">\n\t\t\t\t<div class=\"elementor-element elementor-element-8fd8d99 elementor-widget elementor-widget-image\" data-id=\"8fd8d99\" data-element_type=\"widget\" data-widget_type=\"image.default\">\n\t\t\t\t<div class=\"elementor-widget-container\">\n\t\t\t\t\t\t\t\t\t\t\t\t\t\t\t<img decoding=\"async\" width=\"1182\" height=\"1182\" src=\"https:\/\/nilos-schweiz.ch\/wp-content\/uploads\/2025\/12\/N-Logo-kurz-2024.png\" class=\"attachment-full size-full wp-image-2728\" alt=\"\" srcset=\"https:\/\/nilos-schweiz.ch\/wp-content\/uploads\/2025\/12\/N-Logo-kurz-2024.png 1182w, https:\/\/nilos-schweiz.ch\/wp-content\/uploads\/2025\/12\/N-Logo-kurz-2024-300x300.png 300w, https:\/\/nilos-schweiz.ch\/wp-content\/uploads\/2025\/12\/N-Logo-kurz-2024-1024x1024.png 1024w, https:\/\/nilos-schweiz.ch\/wp-content\/uploads\/2025\/12\/N-Logo-kurz-2024-150x150.png 150w, https:\/\/nilos-schweiz.ch\/wp-content\/uploads\/2025\/12\/N-Logo-kurz-2024-768x768.png 768w, https:\/\/nilos-schweiz.ch\/wp-content\/uploads\/2025\/12\/N-Logo-kurz-2024-600x600.png 600w\" sizes=\"(max-width: 1182px) 100vw, 1182px\" \/>\t\t\t\t\t\t\t\t\t\t\t\t\t\t\t<\/div>\n\t\t\t\t<\/div>\n\t\t\t\t<\/div>\n\t\t<div class=\"elementor-element elementor-element-705cdab e-con-full e-flex e-con e-child\" data-id=\"705cdab\" data-element_type=\"container\">\n\t\t\t\t<div class=\"elementor-element elementor-element-17ca5bd elementor-widget elementor-widget-image\" data-id=\"17ca5bd\" data-element_type=\"widget\" data-widget_type=\"image.default\">\n\t\t\t\t<div class=\"elementor-widget-container\">\n\t\t\t\t\t\t\t\t\t\t\t\t\t\t\t<img decoding=\"async\" width=\"478\" height=\"321\" src=\"https:\/\/nilos-schweiz.ch\/wp-content\/uploads\/2025\/03\/NZ-Logo.webp\" class=\"attachment-full size-full wp-image-2464\" alt=\"\" srcset=\"https:\/\/nilos-schweiz.ch\/wp-content\/uploads\/2025\/03\/NZ-Logo.webp 478w, https:\/\/nilos-schweiz.ch\/wp-content\/uploads\/2025\/03\/NZ-Logo-300x201.webp 300w\" sizes=\"(max-width: 478px) 100vw, 478px\" \/>\t\t\t\t\t\t\t\t\t\t\t\t\t\t\t<\/div>\n\t\t\t\t<\/div>\n\t\t\t\t<\/div>\n\t\t<div class=\"elementor-element elementor-element-67cfa20 e-con-full e-flex e-con e-child\" data-id=\"67cfa20\" data-element_type=\"container\">\n\t\t\t\t<div class=\"elementor-element elementor-element-12d430c elementor-widget elementor-widget-image\" data-id=\"12d430c\" data-element_type=\"widget\" data-widget_type=\"image.default\">\n\t\t\t\t<div class=\"elementor-widget-container\">\n\t\t\t\t\t\t\t\t\t\t\t\t\t\t\t<img loading=\"lazy\" decoding=\"async\" width=\"280\" height=\"206\" src=\"https:\/\/nilos-schweiz.ch\/wp-content\/uploads\/2025\/03\/erboe.png\" class=\"attachment-full size-full wp-image-2466\" alt=\"\" \/>\t\t\t\t\t\t\t\t\t\t\t\t\t\t\t<\/div>\n\t\t\t\t<\/div>\n\t\t\t\t<\/div>\n\t\t<div class=\"elementor-element elementor-element-009fdce e-con-full e-flex e-con e-child\" data-id=\"009fdce\" data-element_type=\"container\">\n\t\t\t\t<div class=\"elementor-element elementor-element-e27819e elementor-widget elementor-widget-image\" data-id=\"e27819e\" data-element_type=\"widget\" data-widget_type=\"image.default\">\n\t\t\t\t<div class=\"elementor-widget-container\">\n\t\t\t\t\t\t\t\t\t\t\t\t\t\t\t<img loading=\"lazy\" decoding=\"async\" width=\"276\" height=\"122\" src=\"https:\/\/nilos-schweiz.ch\/wp-content\/uploads\/2025\/03\/logo_wagener.webp\" class=\"attachment-full size-full wp-image-2468\" alt=\"\" \/>\t\t\t\t\t\t\t\t\t\t\t\t\t\t\t<\/div>\n\t\t\t\t<\/div>\n\t\t\t\t<\/div>\n\t\t<div class=\"elementor-element elementor-element-7fa26f3 e-con-full e-flex e-con e-child\" data-id=\"7fa26f3\" data-element_type=\"container\">\n\t\t\t\t<div class=\"elementor-element elementor-element-b1ba585 elementor-widget elementor-widget-image\" data-id=\"b1ba585\" data-element_type=\"widget\" data-widget_type=\"image.default\">\n\t\t\t\t<div class=\"elementor-widget-container\">\n\t\t\t\t\t\t\t\t\t\t\t\t\t\t\t<img loading=\"lazy\" decoding=\"async\" width=\"142\" height=\"79\" src=\"https:\/\/nilos-schweiz.ch\/wp-content\/uploads\/2025\/03\/hub-1-1.webp\" class=\"attachment-full size-full wp-image-2470\" alt=\"\" \/>\t\t\t\t\t\t\t\t\t\t\t\t\t\t\t<\/div>\n\t\t\t\t<\/div>\n\t\t\t\t<\/div>\n\t\t<div class=\"elementor-element elementor-element-ae16f0c e-con-full e-flex e-con e-child\" data-id=\"ae16f0c\" data-element_type=\"container\">\n\t\t\t\t<div class=\"elementor-element elementor-element-793d20c elementor-widget elementor-widget-image\" data-id=\"793d20c\" data-element_type=\"widget\" data-widget_type=\"image.default\">\n\t\t\t\t<div class=\"elementor-widget-container\">\n\t\t\t\t\t\t\t\t\t\t\t\t\t\t\t<img loading=\"lazy\" decoding=\"async\" width=\"226\" height=\"79\" src=\"https:\/\/nilos-schweiz.ch\/wp-content\/uploads\/2025\/03\/boedeker-1.webp\" class=\"attachment-full size-full wp-image-2472\" alt=\"\" \/>\t\t\t\t\t\t\t\t\t\t\t\t\t\t\t<\/div>\n\t\t\t\t<\/div>\n\t\t\t\t<\/div>\n\t\t<div class=\"elementor-element elementor-element-582b591 e-con-full e-flex e-con e-child\" data-id=\"582b591\" data-element_type=\"container\">\n\t\t\t\t<div class=\"elementor-element elementor-element-4c2db4d elementor-widget elementor-widget-image\" data-id=\"4c2db4d\" data-element_type=\"widget\" data-widget_type=\"image.default\">\n\t\t\t\t<div class=\"elementor-widget-container\">\n\t\t\t\t\t\t\t\t\t\t\t\t\t\t\t<img loading=\"lazy\" decoding=\"async\" width=\"1631\" height=\"513\" src=\"https:\/\/nilos-schweiz.ch\/wp-content\/uploads\/2025\/12\/FTR-Logo-2-Zeilen-2025.png\" class=\"attachment-full size-full wp-image-2730\" alt=\"\" srcset=\"https:\/\/nilos-schweiz.ch\/wp-content\/uploads\/2025\/12\/FTR-Logo-2-Zeilen-2025.png 1631w, https:\/\/nilos-schweiz.ch\/wp-content\/uploads\/2025\/12\/FTR-Logo-2-Zeilen-2025-300x94.png 300w, https:\/\/nilos-schweiz.ch\/wp-content\/uploads\/2025\/12\/FTR-Logo-2-Zeilen-2025-1024x322.png 1024w, https:\/\/nilos-schweiz.ch\/wp-content\/uploads\/2025\/12\/FTR-Logo-2-Zeilen-2025-768x242.png 768w, https:\/\/nilos-schweiz.ch\/wp-content\/uploads\/2025\/12\/FTR-Logo-2-Zeilen-2025-1536x483.png 1536w\" sizes=\"(max-width: 1631px) 100vw, 1631px\" \/>\t\t\t\t\t\t\t\t\t\t\t\t\t\t\t<\/div>\n\t\t\t\t<\/div>\n\t\t\t\t<\/div>\n\t\t\t\t<\/div>\n\t\t\t\t<\/div>\n\t\t\t\t<\/div>\n\t\t\t\t<\/div>\n\t\t","protected":false},"excerpt":{"rendered":"<p>Coop\u00e9ration Nous progressons gr\u00e2ce \u00e0 des relations commerciales confiantes et fructueuses. Se sp\u00e9cialiser ensemble Nous faisons partie d&rsquo;un r\u00e9seau uni par la passion de l&rsquo;innovation et de l&rsquo;efficacit\u00e9. Ensemble, nous \u00e9laborons des solutions adapt\u00e9es aux besoins des clients et capables de faire face au monde de demain.<\/p>\n","protected":false},"author":3,"featured_media":0,"parent":0,"menu_order":0,"comment_status":"closed","ping_status":"closed","template":"","meta":{"ocean_post_layout":"full-screen","ocean_both_sidebars_style":"","ocean_both_sidebars_content_width":0,"ocean_both_sidebars_sidebars_width":0,"ocean_sidebar":"","ocean_second_sidebar":"","ocean_disable_margins":"enable","ocean_add_body_class":"","ocean_shortcode_before_top_bar":"","ocean_shortcode_after_top_bar":"","ocean_shortcode_before_header":"","ocean_shortcode_after_header":"","ocean_has_shortcode":"","ocean_shortcode_after_title":"","ocean_shortcode_before_footer_widgets":"","ocean_shortcode_after_footer_widgets":"","ocean_shortcode_before_footer_bottom":"","ocean_shortcode_after_footer_bottom":"","ocean_display_top_bar":"default","ocean_display_header":"default","ocean_header_style":"","ocean_center_header_left_menu":"","ocean_custom_header_template":"","ocean_custom_logo":0,"ocean_custom_retina_logo":0,"ocean_custom_logo_max_width":0,"ocean_custom_logo_tablet_max_width":0,"ocean_custom_logo_mobile_max_width":0,"ocean_custom_logo_max_height":0,"ocean_custom_logo_tablet_max_height":0,"ocean_custom_logo_mobile_max_height":0,"ocean_header_custom_menu":"","ocean_menu_typo_font_family":"","ocean_menu_typo_font_subset":"","ocean_menu_typo_font_size":0,"ocean_menu_typo_font_size_tablet":0,"ocean_menu_typo_font_size_mobile":0,"ocean_menu_typo_font_size_unit":"px","ocean_menu_typo_font_weight":"","ocean_menu_typo_font_weight_tablet":"","ocean_menu_typo_font_weight_mobile":"","ocean_menu_typo_transform":"","ocean_menu_typo_transform_tablet":"","ocean_menu_typo_transform_mobile":"","ocean_menu_typo_line_height":0,"ocean_menu_typo_line_height_tablet":0,"ocean_menu_typo_line_height_mobile":0,"ocean_menu_typo_line_height_unit":"","ocean_menu_typo_spacing":0,"ocean_menu_typo_spacing_tablet":0,"ocean_menu_typo_spacing_mobile":0,"ocean_menu_typo_spacing_unit":"","ocean_menu_link_color":"","ocean_menu_link_color_hover":"","ocean_menu_link_color_active":"","ocean_menu_link_background":"","ocean_menu_link_hover_background":"","ocean_menu_link_active_background":"","ocean_menu_social_links_bg":"","ocean_menu_social_hover_links_bg":"","ocean_menu_social_links_color":"","ocean_menu_social_hover_links_color":"","ocean_disable_title":"on","ocean_disable_heading":"default","ocean_post_title":"","ocean_post_subheading":"","ocean_post_title_style":"","ocean_post_title_background_color":"","ocean_post_title_background":0,"ocean_post_title_bg_image_position":"","ocean_post_title_bg_image_attachment":"","ocean_post_title_bg_image_repeat":"","ocean_post_title_bg_image_size":"","ocean_post_title_height":0,"ocean_post_title_bg_overlay":0.5,"ocean_post_title_bg_overlay_color":"","ocean_disable_breadcrumbs":"default","ocean_breadcrumbs_color":"","ocean_breadcrumbs_separator_color":"","ocean_breadcrumbs_links_color":"","ocean_breadcrumbs_links_hover_color":"","ocean_display_footer_widgets":"default","ocean_display_footer_bottom":"default","ocean_custom_footer_template":"","footnotes":""},"class_list":["post-1378","page","type-page","status-publish","hentry","entry"],"_links":{"self":[{"href":"https:\/\/nilos-schweiz.ch\/fr\/wp-json\/wp\/v2\/pages\/1378","targetHints":{"allow":["GET"]}}],"collection":[{"href":"https:\/\/nilos-schweiz.ch\/fr\/wp-json\/wp\/v2\/pages"}],"about":[{"href":"https:\/\/nilos-schweiz.ch\/fr\/wp-json\/wp\/v2\/types\/page"}],"author":[{"embeddable":true,"href":"https:\/\/nilos-schweiz.ch\/fr\/wp-json\/wp\/v2\/users\/3"}],"replies":[{"embeddable":true,"href":"https:\/\/nilos-schweiz.ch\/fr\/wp-json\/wp\/v2\/comments?post=1378"}],"version-history":[{"count":11,"href":"https:\/\/nilos-schweiz.ch\/fr\/wp-json\/wp\/v2\/pages\/1378\/revisions"}],"predecessor-version":[{"id":2743,"href":"https:\/\/nilos-schweiz.ch\/fr\/wp-json\/wp\/v2\/pages\/1378\/revisions\/2743"}],"wp:attachment":[{"href":"https:\/\/nilos-schweiz.ch\/fr\/wp-json\/wp\/v2\/media?parent=1378"}],"curies":[{"name":"wp","href":"https:\/\/api.w.org\/{rel}","templated":true}]}}