{"id":1364,"date":"2024-06-26T16:29:48","date_gmt":"2024-06-26T16:29:48","guid":{"rendered":"http:\/\/nilos-schweiz.ch\/pieces-de-rechange-et-dusure\/"},"modified":"2024-12-11T11:46:43","modified_gmt":"2024-12-11T11:46:43","slug":"pieces-de-rechange-et-dusure","status":"publish","type":"page","link":"https:\/\/nilos-schweiz.ch\/fr\/services\/pieces-de-rechange-et-dusure\/","title":{"rendered":"Pi\u00e8ces de rechange et d&rsquo;usure"},"content":{"rendered":"\t\t<div data-elementor-type=\"wp-page\" data-elementor-id=\"1364\" class=\"elementor elementor-1364 elementor-394\" data-elementor-post-type=\"page\">\n\t\t\t\t<div class=\"elementor-element elementor-element-1971ca3 e-con-full e-flex e-con e-parent\" data-id=\"1971ca3\" data-element_type=\"container\" data-settings=\"{&quot;background_background&quot;:&quot;classic&quot;}\">\n\t\t<div class=\"elementor-element elementor-element-160a137 e-con-full e-flex e-con e-child\" data-id=\"160a137\" data-element_type=\"container\">\n\t\t\t\t<div class=\"elementor-element elementor-element-763a54f elementor-widget elementor-widget-heading\" data-id=\"763a54f\" data-element_type=\"widget\" data-widget_type=\"heading.default\">\n\t\t\t\t<div class=\"elementor-widget-container\">\n\t\t\t\t\t<h1 class=\"elementor-heading-title elementor-size-default\">Pi\u00e8ces de rechange et d'usure<\/h1>\t\t\t\t<\/div>\n\t\t\t\t<\/div>\n\t\t\t\t<div class=\"elementor-element elementor-element-12cfd2e elementor-widget elementor-widget-text-editor\" data-id=\"12cfd2e\" data-element_type=\"widget\" data-widget_type=\"text-editor.default\">\n\t\t\t\t<div class=\"elementor-widget-container\">\n\t\t\t\t\t\t\t\t\t<p>Nous assurons le fonctionnement de votre installation. De mani\u00e8re efficace et \u00e0 long terme.<\/p>\t\t\t\t\t\t\t\t<\/div>\n\t\t\t\t<\/div>\n\t\t\t\t<\/div>\n\t\t\t\t<\/div>\n\t\t\t\t<section class=\"elementor-section elementor-top-section elementor-element elementor-element-902d70d elementor-section-content-middle elementor-reverse-mobile elementor-section-full_width elementor-reverse-tablet elementor-section-height-default elementor-section-height-default\" data-id=\"902d70d\" data-element_type=\"section\" data-settings=\"{&quot;background_background&quot;:&quot;gradient&quot;}\">\n\t\t\t\t\t\t<div class=\"elementor-container elementor-column-gap-no\">\n\t\t\t\t\t<div class=\"elementor-column elementor-col-50 elementor-top-column elementor-element elementor-element-47a4d47\" data-id=\"47a4d47\" data-element_type=\"column\">\n\t\t\t<div class=\"elementor-widget-wrap elementor-element-populated\">\n\t\t\t\t\t\t<div class=\"elementor-element elementor-element-2a96cdf elementor-widget elementor-widget-heading\" data-id=\"2a96cdf\" data-element_type=\"widget\" data-widget_type=\"heading.default\">\n\t\t\t\t<div class=\"elementor-widget-container\">\n\t\t\t\t\t<h4 class=\"elementor-heading-title elementor-size-default\">Pour un fonctionnement continu de votre installation<\/h4>\t\t\t\t<\/div>\n\t\t\t\t<\/div>\n\t\t\t\t<div class=\"elementor-element elementor-element-6804120 elementor-widget elementor-widget-text-editor\" data-id=\"6804120\" data-element_type=\"widget\" data-widget_type=\"text-editor.default\">\n\t\t\t\t<div class=\"elementor-widget-container\">\n\t\t\t\t\t\t\t\t\t<p>Vous le savez : certains composants de votre installation s&rsquo;usent plus vite que l&rsquo;installation elle-m\u00eame. Gr\u00e2ce \u00e0 notre gestion efficace des stocks, nous pouvons garantir une disponibilit\u00e9 rapide des pi\u00e8ces de rechange et d&rsquo;usure. Nous pouvons ainsi vous livrer \u00e0 temps de nouvelles pi\u00e8ces et assurer ainsi le bon fonctionnement de vos installations.<\/p>\t\t\t\t\t\t\t\t<\/div>\n\t\t\t\t<\/div>\n\t\t\t\t\t<\/div>\n\t\t<\/div>\n\t\t\t\t<div class=\"elementor-column elementor-col-50 elementor-top-column elementor-element elementor-element-9e642bb\" data-id=\"9e642bb\" data-element_type=\"column\">\n\t\t\t<div class=\"elementor-widget-wrap elementor-element-populated\">\n\t\t\t\t\t\t<div class=\"elementor-element elementor-element-9f03c6d elementor-widget elementor-widget-image\" data-id=\"9f03c6d\" data-element_type=\"widget\" data-widget_type=\"image.default\">\n\t\t\t\t<div class=\"elementor-widget-container\">\n\t\t\t\t\t\t\t\t\t\t\t\t\t\t\t<img fetchpriority=\"high\" decoding=\"async\" width=\"2400\" height=\"1347\" src=\"https:\/\/nilos-schweiz.ch\/wp-content\/uploads\/2024\/12\/Nilos_Website_Bilder_6.webp\" class=\"attachment-full size-full wp-image-2344\" alt=\"\" srcset=\"https:\/\/nilos-schweiz.ch\/wp-content\/uploads\/2024\/12\/Nilos_Website_Bilder_6.webp 2400w, https:\/\/nilos-schweiz.ch\/wp-content\/uploads\/2024\/12\/Nilos_Website_Bilder_6-300x168.webp 300w, https:\/\/nilos-schweiz.ch\/wp-content\/uploads\/2024\/12\/Nilos_Website_Bilder_6-1024x575.webp 1024w, https:\/\/nilos-schweiz.ch\/wp-content\/uploads\/2024\/12\/Nilos_Website_Bilder_6-768x431.webp 768w, https:\/\/nilos-schweiz.ch\/wp-content\/uploads\/2024\/12\/Nilos_Website_Bilder_6-1536x862.webp 1536w, https:\/\/nilos-schweiz.ch\/wp-content\/uploads\/2024\/12\/Nilos_Website_Bilder_6-2048x1149.webp 2048w, https:\/\/nilos-schweiz.ch\/wp-content\/uploads\/2024\/12\/Nilos_Website_Bilder_6-800x450.webp 800w\" sizes=\"(max-width: 2400px) 100vw, 2400px\" \/>\t\t\t\t\t\t\t\t\t\t\t\t\t\t\t<\/div>\n\t\t\t\t<\/div>\n\t\t\t\t\t<\/div>\n\t\t<\/div>\n\t\t\t\t\t<\/div>\n\t\t<\/section>\n\t\t<div class=\"elementor-element elementor-element-2db56873 e-con-full e-flex e-con e-parent\" data-id=\"2db56873\" data-element_type=\"container\" data-settings=\"{&quot;background_background&quot;:&quot;gradient&quot;}\">\n\t\t<div class=\"elementor-element elementor-element-27d8c76e e-con-full e-flex e-con e-child\" data-id=\"27d8c76e\" data-element_type=\"container\">\n\t\t\t\t<div class=\"elementor-element elementor-element-e54d77d elementor-widget elementor-widget-heading\" data-id=\"e54d77d\" data-element_type=\"widget\" data-widget_type=\"heading.default\">\n\t\t\t\t<div class=\"elementor-widget-container\">\n\t\t\t\t\t<h2 class=\"elementor-heading-title elementor-size-default\">Maintenance<\/h2>\t\t\t\t<\/div>\n\t\t\t\t<\/div>\n\t\t\t\t<div class=\"elementor-element elementor-element-1c7f230c elementor-widget elementor-widget-text-editor\" data-id=\"1c7f230c\" data-element_type=\"widget\" data-widget_type=\"text-editor.default\">\n\t\t\t\t<div class=\"elementor-widget-container\">\n\t\t\t\t\t\t\t\t\t<p>Nous nous occupons \u00e0 temps du renouvellement des composants de votre installation. Vous pouvez ainsi exploiter pleinement le potentiel de votre installation.<\/p>\t\t\t\t\t\t\t\t<\/div>\n\t\t\t\t<\/div>\n\t\t\t\t<div class=\"elementor-element elementor-element-40590c43 elementor-widget elementor-widget-button\" data-id=\"40590c43\" data-element_type=\"widget\" data-widget_type=\"button.default\">\n\t\t\t\t<div class=\"elementor-widget-container\">\n\t\t\t\t\t\t\t\t\t<div class=\"elementor-button-wrapper\">\n\t\t\t\t\t<a class=\"elementor-button elementor-button-link elementor-size-sm\" href=\"https:\/\/nilos-schweiz.ch\/fr\/services\/maintenance\/\">\n\t\t\t\t\t\t<span class=\"elementor-button-content-wrapper\">\n\t\t\t\t\t\t\t\t\t<span class=\"elementor-button-text\">En savoir plus sur la maintenance<\/span>\n\t\t\t\t\t<\/span>\n\t\t\t\t\t<\/a>\n\t\t\t\t<\/div>\n\t\t\t\t\t\t\t\t<\/div>\n\t\t\t\t<\/div>\n\t\t\t\t<\/div>\n\t\t<div class=\"elementor-element elementor-element-2a4df4da e-con-full e-flex e-con e-child\" data-id=\"2a4df4da\" data-element_type=\"container\" data-settings=\"{&quot;background_background&quot;:&quot;classic&quot;}\">\n\t\t\t\t<div class=\"elementor-element elementor-element-6bddf13b elementor-widget elementor-widget-image-box\" data-id=\"6bddf13b\" data-element_type=\"widget\" data-widget_type=\"image-box.default\">\n\t\t\t\t<div class=\"elementor-widget-container\">\n\t\t\t\t\t<div class=\"elementor-image-box-wrapper\"><div class=\"elementor-image-box-content\"><h3 class=\"elementor-image-box-title\">Pi\u00e8ce de rechange ou d'usure : quelle est la diff\u00e9rence ?<\/h3><p class=\"elementor-image-box-description\">Les pi\u00e8ces d'usure sont soumises \u00e0 une usure naturelle de la machine et peuvent, dans certains cas particuliers, repr\u00e9senter jusqu'\u00e0 50% des co\u00fbts d'exploitation. Elles d\u00e9terminent donc en grande partie le montant du taux horaire de la machine. Les pi\u00e8ces de rechange sont des pi\u00e8ces d\u00e9tach\u00e9es, des sous-ensembles ou des produits complets qu'il convient de remplacer \u00e0 intervalles r\u00e9guliers. Dans le cadre d'une utilisation conforme aux prescriptions et d'un entretien appropri\u00e9, elles ont une dur\u00e9e de vie plus longue et leur p\u00e9riode de remplacement est bien plus grande.<\/p><\/div><\/div>\t\t\t\t<\/div>\n\t\t\t\t<\/div>\n\t\t\t\t<\/div>\n\t\t\t\t<\/div>\n\t\t<div class=\"elementor-element elementor-element-1a8cb8e5 e-con-full e-flex e-con e-parent\" data-id=\"1a8cb8e5\" data-element_type=\"container\" data-settings=\"{&quot;background_background&quot;:&quot;classic&quot;}\">\n\t\t<div class=\"elementor-element elementor-element-461da5d e-con-full e-flex e-con e-child\" data-id=\"461da5d\" data-element_type=\"container\">\n\t\t<div class=\"elementor-element elementor-element-cfaffa5 e-con-full e-flex e-con e-child\" data-id=\"cfaffa5\" data-element_type=\"container\">\n\t\t<div class=\"elementor-element elementor-element-d4837f7 e-con-full e-flex e-con e-child\" data-id=\"d4837f7\" data-element_type=\"container\" data-settings=\"{&quot;background_background&quot;:&quot;classic&quot;}\">\n\t\t\t\t<div class=\"elementor-element elementor-element-54a6d89 elementor-widget__width-initial elementor-widget elementor-widget-text-editor\" data-id=\"54a6d89\" data-element_type=\"widget\" data-widget_type=\"text-editor.default\">\n\t\t\t\t<div class=\"elementor-widget-container\">\n\t\t\t\t\t\t\t\t\t<ul><li>Syst\u00e8me de nettoyage de bande<\/li><li>Tambours et rouleaux porteurs<\/li><li>Transmission<\/li><li>Moteurs<\/li><li>Paliers \u00e0 roulement et paliers lisses<\/li><li>Syst\u00e8mes d&rsquo;\u00e9tanch\u00e9it\u00e9 \u00e0 la poussi\u00e8re<\/li><li>Grilles de crible acier et PU<\/li><\/ul>\t\t\t\t\t\t\t\t<\/div>\n\t\t\t\t<\/div>\n\t\t\t\t<\/div>\n\t\t<div class=\"elementor-element elementor-element-964f402 e-con-full e-flex e-con e-child\" data-id=\"964f402\" data-element_type=\"container\" data-settings=\"{&quot;background_background&quot;:&quot;classic&quot;}\">\n\t\t\t\t<div class=\"elementor-element elementor-element-88961e9 elementor-widget elementor-widget-text-editor\" data-id=\"88961e9\" data-element_type=\"widget\" data-widget_type=\"text-editor.default\">\n\t\t\t\t<div class=\"elementor-widget-container\">\n\t\t\t\t\t\t\t\t\t<ul><li>Rev\u00eatements en c\u00e9ramique<\/li><li>Jonctions m\u00e9caniques<\/li><li>Stations de renvoi de bande<\/li><li>Alimentateurs pour convoyeurs<\/li><li>Remplacement de machines et protection contre l&rsquo;usure sur demande du client<\/li><\/ul>\t\t\t\t\t\t\t\t<\/div>\n\t\t\t\t<\/div>\n\t\t\t\t<\/div>\n\t\t<div class=\"elementor-element elementor-element-8388ef3 e-con-full e-flex e-con e-child\" data-id=\"8388ef3\" data-element_type=\"container\" data-settings=\"{&quot;background_background&quot;:&quot;classic&quot;}\">\n\t\t\t\t<div class=\"elementor-element elementor-element-1ded702 elementor-widget__width-initial elementor-widget elementor-widget-text-editor\" data-id=\"1ded702\" data-element_type=\"widget\" data-widget_type=\"text-editor.default\">\n\t\t\t\t<div class=\"elementor-widget-container\">\n\t\t\t\t\t\t\t\t\t<ul><li>Kit de r\u00e9paration rapide pour bandes transporteuses<\/li><li>protection contre l&rsquo;usure en caoutchouc, PU et PE<\/li><li>protection anti-usure lourde (PP, \u00e9l\u00e9ments SP, etc.)<\/li><li>Rev\u00eatements de broyeurs<\/li><li>Protection contre l&rsquo;usure en caoutchouc c\u00e9ramique<\/li><li>Rev\u00eatements de tambours<\/li><\/ul>\t\t\t\t\t\t\t\t<\/div>\n\t\t\t\t<\/div>\n\t\t\t\t<\/div>\n\t\t\t\t<\/div>\n\t\t\t\t<div class=\"elementor-element elementor-element-384a71c elementor-widget elementor-widget-heading\" data-id=\"384a71c\" data-element_type=\"widget\" data-widget_type=\"heading.default\">\n\t\t\t\t<div class=\"elementor-widget-container\">\n\t\t\t\t\t<h2 class=\"elementor-heading-title elementor-size-default\">Nous proposons les composants suivants<\/h2>\t\t\t\t<\/div>\n\t\t\t\t<\/div>\n\t\t\t\t<\/div>\n\t\t\t\t<\/div>\n\t\t<div class=\"elementor-element elementor-element-7138f7f e-flex e-con-boxed e-con e-parent\" data-id=\"7138f7f\" data-element_type=\"container\">\n\t\t\t\t\t<div class=\"e-con-inner\">\n\t\t\t\t<div class=\"elementor-element elementor-element-04cc1b1 elementor-widget elementor-widget-spacer\" data-id=\"04cc1b1\" data-element_type=\"widget\" data-widget_type=\"spacer.default\">\n\t\t\t\t<div class=\"elementor-widget-container\">\n\t\t\t\t\t\t\t<div class=\"elementor-spacer\">\n\t\t\t<div class=\"elementor-spacer-inner\"><\/div>\n\t\t<\/div>\n\t\t\t\t\t\t<\/div>\n\t\t\t\t<\/div>\n\t\t\t\t\t<\/div>\n\t\t\t\t<\/div>\n\t\t\t\t<\/div>\n\t\t","protected":false},"excerpt":{"rendered":"<p>Pi\u00e8ces de rechange et d&rsquo;usure Nous assurons le fonctionnement de votre installation. De mani\u00e8re efficace et \u00e0 long terme. Pour un fonctionnement continu de votre installation Vous le savez : certains composants de votre installation s&rsquo;usent plus vite que l&rsquo;installation elle-m\u00eame. Gr\u00e2ce \u00e0 notre gestion efficace des stocks, nous pouvons garantir une disponibilit\u00e9 rapide des [&hellip;]<\/p>\n","protected":false},"author":3,"featured_media":0,"parent":1403,"menu_order":0,"comment_status":"closed","ping_status":"closed","template":"","meta":{"ocean_post_layout":"full-screen","ocean_both_sidebars_style":"","ocean_both_sidebars_content_width":0,"ocean_both_sidebars_sidebars_width":0,"ocean_sidebar":"","ocean_second_sidebar":"","ocean_disable_margins":"enable","ocean_add_body_class":"","ocean_shortcode_before_top_bar":"","ocean_shortcode_after_top_bar":"","ocean_shortcode_before_header":"","ocean_shortcode_after_header":"","ocean_has_shortcode":"","ocean_shortcode_after_title":"","ocean_shortcode_before_footer_widgets":"","ocean_shortcode_after_footer_widgets":"","ocean_shortcode_before_footer_bottom":"","ocean_shortcode_after_footer_bottom":"","ocean_display_top_bar":"default","ocean_display_header":"default","ocean_header_style":"","ocean_center_header_left_menu":"","ocean_custom_header_template":"","ocean_custom_logo":0,"ocean_custom_retina_logo":0,"ocean_custom_logo_max_width":0,"ocean_custom_logo_tablet_max_width":0,"ocean_custom_logo_mobile_max_width":0,"ocean_custom_logo_max_height":0,"ocean_custom_logo_tablet_max_height":0,"ocean_custom_logo_mobile_max_height":0,"ocean_header_custom_menu":"","ocean_menu_typo_font_family":"","ocean_menu_typo_font_subset":"","ocean_menu_typo_font_size":0,"ocean_menu_typo_font_size_tablet":0,"ocean_menu_typo_font_size_mobile":0,"ocean_menu_typo_font_size_unit":"px","ocean_menu_typo_font_weight":"","ocean_menu_typo_font_weight_tablet":"","ocean_menu_typo_font_weight_mobile":"","ocean_menu_typo_transform":"","ocean_menu_typo_transform_tablet":"","ocean_menu_typo_transform_mobile":"","ocean_menu_typo_line_height":0,"ocean_menu_typo_line_height_tablet":0,"ocean_menu_typo_line_height_mobile":0,"ocean_menu_typo_line_height_unit":"","ocean_menu_typo_spacing":0,"ocean_menu_typo_spacing_tablet":0,"ocean_menu_typo_spacing_mobile":0,"ocean_menu_typo_spacing_unit":"","ocean_menu_link_color":"","ocean_menu_link_color_hover":"","ocean_menu_link_color_active":"","ocean_menu_link_background":"","ocean_menu_link_hover_background":"","ocean_menu_link_active_background":"","ocean_menu_social_links_bg":"","ocean_menu_social_hover_links_bg":"","ocean_menu_social_links_color":"","ocean_menu_social_hover_links_color":"","ocean_disable_title":"on","ocean_disable_heading":"default","ocean_post_title":"","ocean_post_subheading":"","ocean_post_title_style":"","ocean_post_title_background_color":"","ocean_post_title_background":0,"ocean_post_title_bg_image_position":"","ocean_post_title_bg_image_attachment":"","ocean_post_title_bg_image_repeat":"","ocean_post_title_bg_image_size":"","ocean_post_title_height":0,"ocean_post_title_bg_overlay":0.5,"ocean_post_title_bg_overlay_color":"","ocean_disable_breadcrumbs":"default","ocean_breadcrumbs_color":"","ocean_breadcrumbs_separator_color":"","ocean_breadcrumbs_links_color":"","ocean_breadcrumbs_links_hover_color":"","ocean_display_footer_widgets":"default","ocean_display_footer_bottom":"default","ocean_custom_footer_template":"","footnotes":""},"class_list":["post-1364","page","type-page","status-publish","hentry","entry"],"_links":{"self":[{"href":"https:\/\/nilos-schweiz.ch\/fr\/wp-json\/wp\/v2\/pages\/1364","targetHints":{"allow":["GET"]}}],"collection":[{"href":"https:\/\/nilos-schweiz.ch\/fr\/wp-json\/wp\/v2\/pages"}],"about":[{"href":"https:\/\/nilos-schweiz.ch\/fr\/wp-json\/wp\/v2\/types\/page"}],"author":[{"embeddable":true,"href":"https:\/\/nilos-schweiz.ch\/fr\/wp-json\/wp\/v2\/users\/3"}],"replies":[{"embeddable":true,"href":"https:\/\/nilos-schweiz.ch\/fr\/wp-json\/wp\/v2\/comments?post=1364"}],"version-history":[{"count":9,"href":"https:\/\/nilos-schweiz.ch\/fr\/wp-json\/wp\/v2\/pages\/1364\/revisions"}],"predecessor-version":[{"id":2351,"href":"https:\/\/nilos-schweiz.ch\/fr\/wp-json\/wp\/v2\/pages\/1364\/revisions\/2351"}],"up":[{"embeddable":true,"href":"https:\/\/nilos-schweiz.ch\/fr\/wp-json\/wp\/v2\/pages\/1403"}],"wp:attachment":[{"href":"https:\/\/nilos-schweiz.ch\/fr\/wp-json\/wp\/v2\/media?parent=1364"}],"curies":[{"name":"wp","href":"https:\/\/api.w.org\/{rel}","templated":true}]}}